{"id":2,"date":"2007-02-02T02:10:53","date_gmt":"2007-02-02T01:10:53","guid":{"rendered":""},"modified":"2012-02-27T22:19:29","modified_gmt":"2012-02-27T20:19:29","slug":"about","status":"publish","type":"page","link":"https:\/\/www.falko-graf.de\/mySQL\/wordpress\/?page_id=2","title":{"rendered":"\u00c3\u0153ber den Blogger"},"content":{"rendered":"<p>Hallo und herzlich willkommen im Blog. <\/p>\n<p><img src='https:\/\/www.falko-graf.de\/mySQL\/wordpress\/wp-content\/falkoframe1.png' alt='Falko Frame 1' \/><\/p>\n<p>Ich freue mich Sie hier begr\u00c3\u00bc\u00c3\u0178en zu d\u00c3\u00bcrfen. <\/p>\n<p>Vielleicht wollen Sie an Ihrem positiven Denken arbeiten? &#8211; Toll, Gl\u00c3\u00bcckwunsch!<br \/>\nEventuell m\u00c3\u00b6chten Sie \u00c3\u00bcber etwas Computer Fun (Lustige Bilder, Spa\u00c3\u0178 am Computer) lachen? &#8211; Viel Vergn\u00c3\u00bcgen!<\/p>\n<p>Das <strong>Foto<\/strong> oben im Goldrahmen ist nat\u00c3\u00bcrlich etwas nachbearbeitet. So stelle ich mir meine Physiognomie vor, wenn ich permanent negativ denken w\u00c3\u00bcrde. Da ich nicht so aussehen will und auch nie so aussehen werde und vor allem weil ich bevorzuge, wenn andere Leute auch nicht so aussehen, schreibe ich diesen Blog. Er soll Menschen, die an sich arbeiten wollen und positiv denken wollen dabei unterst\u00c3\u00bctzen. <\/p>\n<p>Hier noch drei kleine Hinweise:<br \/>\n1. Selbstverst\u00c3\u00a4ndlich \u00c3\u00bcbernehme ich keinerlei Haftung f\u00c3\u00bcr die Inhalte von Seiten, auf die ich hier in diesem Blog verlinke. <\/p>\n<p>2. Immer wieder h\u00c3\u00b6rt man von irgendwelchen Klagen in den USA, bei denen es z.B. darum geht, dass jemand in der Bedienungsanleitung seiner Mikrowelle liest &#8222;Achtung: In der Mikrowelle keine Katzen trocknen!&#8220; Er kommt auf die Idee seinen Hund zu trocknen, dieser bekommt sehr trockene, spr\u00c3\u00b6de Haut oder schlimmeres und der Mann verklagt die Mikrowellenfirma auf 238 Fantastilliarden. Deswegen m\u00c3\u00b6chte ich noch kurz darauf hinweisen, dass das Ausprobieren irgendwelcher Tipps, die ich hier gebe auf eigene Verantwortung des Lesers erfolgt.<\/p>\n<p>3. Generell bin ich der Auffassung, da\u00c3\u0178 jeder grunds\u00c3\u00a4tzlich bei allem was er tut seinen <em>gesunden Menschenverstand<\/em> benutzen sollte. Das bedeutet in der Praxis, Wenn Ihnen jemand die Handlungsempfehlung gibt &#8222;Steigen Sie auf den Baum!&#8220; und sie steigen rauf &#8211; und Sie fallen runter, da\u00c3\u0178 Sie dann auf <em>Ihren<\/em> Hintern fallen &#8211; und nicht auf den Hintern der Person, die Ihnen gesagt hat Sie sollen hochsteigen. Nun sind die &#8222;Tipps zum positiver Denken&#8220; (dieser Blog) ja quasi auch Handlungsempfehlungen (die ich Ihnen auch w\u00c3\u00a4rmstens empfehlen und ans Herz legen m\u00c3\u00b6chte und die ich auch im Selbstversuch teste) &#8211; trotzdem entscheidet jeder selbst, was er tut.<\/p>\n<p>Ihnen alles Gute! <\/p>\n<p>Falko Graf<\/p>\n<p>Datenschutz \/ Google-Cookies-Hinweis<br \/>\nAuf dieser Webseite werden Google Adsense Werbebl\u00c3\u00b6cke gezeigt. Google Inc. oder werbende Dritte speichern eventuell ein Cookie auf Ihrem Rechner. Dieses Cookie kann durch Google Inc. oder Dritten ausgelesen werden. Um dieses Cookie zu l\u00c3\u00b6schen oder die Cookiebehandlung generell zu ver\u00c3\u00a4ndern, konsultieren Sie bitte die Hilfe Ihres Browsers. In der Regel finden sich diese Einstellungen unter Extras -> Einstellungen Datenschutz (Firefox) oder unter Extras -> Internetoptionen -> Datenschutz (Internet Explorer).<\/p>\n<p>Disclaimer:<br \/>\nSollte irgend jemand sich durch Ver\u00c3\u00b6ffentlichung\/Verlinkung von Text oder Bild oder Video oder Audio in seinen Urheberrechten verletzt sehen, so m\u00c3\u00b6ge man sich bitte melden. Im gerechtfertigten Fall entferne ich gerne den entsprechenden Inhalt, bzw. die entsprechende Verlinkung und entschuldige mich schon vorab reuevollst. Danke f\u00c3\u00bcr Ihre Nachsicht.<\/p>\n","protected":false},"excerpt":{"rendered":"<p>Hallo und herzlich willkommen im Blog. Ich freue mich Sie hier begr\u00c3\u00bc\u00c3\u0178en zu d\u00c3\u00bcrfen. Vielleicht wollen Sie an Ihrem positiven Denken arbeiten? &#8211; Toll, Gl\u00c3\u00bcckwunsch! Eventuell m\u00c3\u00b6chten Sie \u00c3\u00bcber etwas Computer Fun (Lustige Bilder, Spa\u00c3\u0178 am Computer) lachen? &#8211; Viel Vergn\u00c3\u00bcgen! Das Foto oben im Goldrahmen ist nat\u00c3\u00bcrlich etwas nachbearbeitet. So stelle ich mir meine [&hellip;]<\/p>\n","protected":false},"author":2,"featured_media":0,"parent":0,"menu_order":0,"comment_status":"closed","ping_status":"closed","template":"","meta":{"footnotes":""},"class_list":["post-2","page","type-page","status-publish","hentry"],"_links":{"self":[{"href":"https:\/\/www.falko-graf.de\/mySQL\/wordpress\/index.php?rest_route=\/wp\/v2\/pages\/2","targetHints":{"allow":["GET"]}}],"collection":[{"href":"https:\/\/www.falko-graf.de\/mySQL\/wordpress\/index.php?rest_route=\/wp\/v2\/pages"}],"about":[{"href":"https:\/\/www.falko-graf.de\/mySQL\/wordpress\/index.php?rest_route=\/wp\/v2\/types\/page"}],"author":[{"embeddable":true,"href":"https:\/\/www.falko-graf.de\/mySQL\/wordpress\/index.php?rest_route=\/wp\/v2\/users\/2"}],"replies":[{"embeddable":true,"href":"https:\/\/www.falko-graf.de\/mySQL\/wordpress\/index.php?rest_route=%2Fwp%2Fv2%2Fcomments&post=2"}],"version-history":[{"count":3,"href":"https:\/\/www.falko-graf.de\/mySQL\/wordpress\/index.php?rest_route=\/wp\/v2\/pages\/2\/revisions"}],"predecessor-version":[{"id":537,"href":"https:\/\/www.falko-graf.de\/mySQL\/wordpress\/index.php?rest_route=\/wp\/v2\/pages\/2\/revisions\/537"}],"wp:attachment":[{"href":"https:\/\/www.falko-graf.de\/mySQL\/wordpress\/index.php?rest_route=%2Fwp%2Fv2%2Fmedia&parent=2"}],"curies":[{"name":"wp","href":"https:\/\/api.w.org\/{rel}","templated":true}]}}